{"id":17,"date":"2019-08-02T21:10:47","date_gmt":"2019-08-02T19:10:47","guid":{"rendered":"https:\/\/petersbergsbk.se\/?page_id=17"},"modified":"2025-08-06T17:30:58","modified_gmt":"2025-08-06T15:30:58","slug":"sok-medlemsskap","status":"publish","type":"page","link":"https:\/\/petersbergsbk.se\/?page_id=17","title":{"rendered":"S\u00f6k medlemskap"},"content":{"rendered":"<p><strong>Till dig som vill bli medlem i Petersbergs B\u00e5tklubb<\/strong><\/p>\n<p>Innan du fyller i din ans\u00f6kan ber vi dig noggrant l\u00e4sa igenom det som f\u00f6ljer.<\/p>\n<p><strong>Allm\u00e4nt<\/strong><br \/>Petersbergs B\u00e5tklubb, stiftad 1970, har till \u00e4ndam\u00e5l att st\u00f6dja b\u00e5tsporten genom att erbjuda medlemmarna s\u00e4kra bryggplatser till i f\u00f6rsta hand n\u00e4rboende. \u00d6vriga kan erbjudas hamnplats f\u00f6r ett \u00e5r i taget i m\u00e5n av lediga platser.<\/p>\n<p>Det skall vara tryggt att ha b\u00e5ten liggande vid bryggorna i v\u00e5r hamn och vi g\u00f6r allt vi kan f\u00f6r att hindra st\u00f6lder och skadeg\u00f6relse. Genom att vi sj\u00e4lva g\u00f6r det mesta av arbetet kan vi h\u00e5lla nere kostnaderna.<\/p>\n<p><strong>Vaktg\u00e5ng<\/strong><br \/>F\u00f6r att trygga v\u00e5ra b\u00e5tar g\u00e5r vi vakt under s\u00e4songen. Varje medlem med hamnplats skall g\u00e5 tv\u00e5 (2) vaktpass under sommars\u00e4songen. Vaktg\u00e5ng \u00e4r en viktig del i klubbens verksamhet. Upprepat uteblivande fr\u00e5n vakt leder till f\u00f6rlorat medlemskap. Vaktpass kan ej \u00f6verl\u00e5tas p\u00e5 (s\u00e4ljas till) andra medlemmar. D\u00e4remot \u00e4r det till\u00e5tet att byta vakter sinsemellan.<\/p>\n<p><strong>Arbetspass<\/strong><br \/>En stor del av arbetena i hamnen g\u00f6r vi sj\u00e4lva. Arbetspass kan antingen g\u00f6ras i samband med v\u00e5r- eller h\u00f6stst\u00e4dningar eller vid n\u00e5got annat tillf\u00e4lle.<\/p>\n<p>Det kr\u00e4vs m\u00e5nga frivilliga, ideella arbetsinsatser av de mest skiftande slag f\u00f6r att h\u00e5lla verksamheten ig\u00e5ng. Du f\u00e5r d\u00e4rf\u00f6r g\u00e4rna ge oss upplysning om dina yrkeskunskaper, kanske har du n\u00e5gra s\u00e4rskilda f\u00e4rdigheter som kan vara till s\u00e4rskild nytta i klubbarbetet. Ur medlemmarnas synvinkel \u00e4r det av viktigt att ett medlemskap i PBK inte endast uppfattas som om man ordnat sommarplats f\u00f6r sin b\u00e5t. Det kan man ju g\u00f6ra p\u00e5 vilken marina som helst.<\/p>\n<p><strong>F\u00f6rs\u00e4kring<\/strong><br \/>Det \u00e4r ett krav att b\u00e5tar \u00e4r f\u00f6rs\u00e4krade f\u00f6r att de skall f\u00e5 ligga i hamnen. Ev. skador t\u00e4cks n\u00e4mligen i f\u00f6rsta hand av b\u00e5t\u00e4garnas f\u00f6rs\u00e4kringar.<\/p>\n<p><strong>Uppl\u00e5tande av hamnplats<\/strong><br \/>Uppl\u00e5tande av hamnplatser g\u00f6rs f\u00f6r hel s\u00e4song och i f\u00f6rsta hand till n\u00e4rboende. \u00d6vriga (icke Vaxholms bor) kan i m\u00e5n av plats hyra hamnplats per s\u00e4song. Hamnplatsinnehavarens skyldigheter g\u00e4ller f\u00f6r hela s\u00e4songen. Upps\u00e4gning av hamnplats skall g\u00f6rs i god tid f\u00f6re n\u00e4stkommande s\u00e4song eller s\u00e5 snart platsen inte l\u00e4ngre skall disponeras.\u00a0 Andrahandsuthyrning av hamnplats f\u00e5r inte f\u00f6rekomma.<\/p>\n<p><strong>Ans\u00f6kan om medlemskap och betalning<\/strong><br \/>Ans\u00f6kan skall inneh\u00e5lla uppgifter om g\u00e4llande f\u00f6rs\u00e4kring. Efter godk\u00e4nd ans\u00f6kan skickas faktura. N\u00e4r betalning registrerats hos klubben kan nycklar erh\u00e5llas av Hamnkapten. Det \u00e5ligger styrelsen att tillse att stadgarna kommer samtliga medlemmar till k\u00e4nnedom. Det \u00e5ligger medlem att k\u00e4nna till och v\u00e4l efterleva stadgarna och \u00f6vriga f\u00f6reskrifter i klubben. Stadgar, f\u00f6reskrifter och matrikel finns tillg\u00e4ngliga p\u00e5 klubbens hemsida.<\/p>\n<p><strong>V\u00e4lkommen med din ans\u00f6kan!<\/strong><\/p>\n<p>Styrelsen, Petersbergs b\u00e5tklubb<\/p>\n<table width=\"400\">\n<tbody>\n<tr>\n<td>\n<p><a href=\"https:\/\/petersbergsbk.se\/wp-content\/uploads\/2025\/06\/Medlemsansokan-2025v2.pdf\"><span style=\"color: #3366ff;\">Klicka h\u00e4r f\u00f6r att \u00f6ppna en pdf fil med ans\u00f6kningsformul\u00e4ret<\/span><\/a><\/p>\n<p><span style=\"color: #3366ff;\">\u00a0<\/span><span style=\"color: #808080;\">Fyll i formul\u00e4ret, spara och maila det till<span style=\"color: #3366ff;\"> <a style=\"color: #3366ff;\" title=\"S\u00f6k medlemsskap\" href=\"https:\/\/petersbergsbk.se\/?page_id=17\">info@petersbergsbk.se<\/a><\/span><\/span><\/p>\n<\/td>\n<\/tr>\n<tr>\n<td>\u00a0<\/td>\n<\/tr>\n<\/tbody>\n<\/table>\n<p><span style=\"color: #808080;\">F\u00f6ljande \u00e5rsavgifter till\u00e4mpas inom klubben och g\u00e4ller fr.o.m. 2022:<\/span><\/p>\n<table style=\"height: 419px;\" width=\"579\">\n<tbody>\n<tr style=\"height: 37px;\">\n<td style=\"height: 37px;\" width=\"183\"><span style=\"color: #808080;\">Medlemsavgift<\/span><\/td>\n<td style=\"height: 37px;\" width=\"12\"><span style=\"color: #808080;\">\u00a0<\/span><\/td>\n<td style=\"height: 37px;\" width=\"61\"><span style=\"color: #808080;\">500 kr<\/span><\/td>\n<td style=\"height: 37px;\" width=\"16\"><span style=\"color: #808080;\">\u00a0<\/span><\/td>\n<td style=\"height: 37px;\"><span style=\"color: #808080;\">\u00a0<\/span><\/td>\n<\/tr>\n<tr style=\"height: 61px;\">\n<td style=\"height: 61px;\" width=\"183\"><span style=\"color: #808080;\">Hamnplats standard<\/span><\/td>\n<td style=\"height: 61px;\" width=\"12\"><span style=\"color: #808080;\">\u00a0<\/span><\/td>\n<td style=\"height: 61px;\" width=\"61\"><span style=\"color: #808080;\">3000 kr &#8211; 5500 kr<\/span><\/td>\n<td style=\"height: 61px;\" width=\"16\"><span style=\"color: #808080;\">\u00a0<\/span><\/td>\n<td style=\"height: 61px;\"><span style=\"color: #808080;\">Avgift per s\u00e4song. Hamnplatsavgiften ber\u00e4knas platsens l\u00e4ngd och bredd (se nedan).<\/span><\/td>\n<\/tr>\n<tr style=\"height: 37px;\">\n<td style=\"height: 37px;\" width=\"183\"><span style=\"color: #808080;\">Hamnplats sm\u00e5b\u00e5t<\/span><\/td>\n<td style=\"height: 37px;\" width=\"12\"><span style=\"color: #808080;\">\u00a0<\/span><\/td>\n<td style=\"height: 37px;\" width=\"61\"><span style=\"color: #808080;\">2500 kr<\/span><\/td>\n<td style=\"height: 37px;\" width=\"16\"><span style=\"color: #808080;\">\u00a0<\/span><\/td>\n<td style=\"height: 37px;\"><span style=\"color: #808080;\">Avgift per s\u00e4song. Y-bomplats p\u00e5 sm\u00e5b\u00e5tsbryggan.<\/span><\/td>\n<\/tr>\n<tr style=\"height: 37px;\">\n<td style=\"height: 37px;\" width=\"183\"><span style=\"color: #808080;\">Deposition f\u00f6r vaktg\u00e5ng<\/span><\/td>\n<td style=\"height: 37px;\" width=\"12\"><span style=\"color: #808080;\">\u00a0<\/span><\/td>\n<td style=\"height: 37px;\" width=\"61\"><span style=\"color: #808080;\">2000 kr<\/span><\/td>\n<td style=\"height: 37px;\" width=\"16\"><span style=\"color: #808080;\">\u00a0<\/span><\/td>\n<td style=\"height: 37px;\"><span style=\"color: #808080;\">Depositionen f\u00f6rfaller vid utebliven vakt.<\/span><\/td>\n<\/tr>\n<tr style=\"height: 37px;\">\n<td style=\"height: 37px;\" width=\"183\"><span style=\"color: #808080;\">Deposition f\u00f6r arbetsplikt<\/span><\/td>\n<td style=\"height: 37px;\" width=\"12\"><span style=\"color: #808080;\">\u00a0<\/span><\/td>\n<td style=\"height: 37px;\" width=\"61\"><span style=\"color: #808080;\">500 kr<\/span><\/td>\n<td style=\"height: 37px;\" width=\"16\"><span style=\"color: #808080;\">\u00a0<\/span><\/td>\n<td style=\"height: 37px;\"><span style=\"color: #808080;\">F\u00f6rnyas \u00e5rsvis om man inte deltar i st\u00e4ddagar.<\/span><\/td>\n<\/tr>\n<tr style=\"height: 61px;\">\n<td style=\"height: 61px;\"><span style=\"color: #808080;\"> Deposition f\u00f6r ASSA-nyckel<\/span><\/td>\n<td style=\"height: 61px;\"><span style=\"color: #808080;\">\u00a0<\/span><\/td>\n<td style=\"height: 61px;\"><span style=\"color: #808080;\">\u00a0500 kr<\/span><\/td>\n<td style=\"height: 61px;\"><span style=\"color: #808080;\">\u00a0<\/span><\/td>\n<td style=\"height: 61px;\"><span style=\"color: #808080;\">Deposition per nyckel. Efter det att felfri nyckel \u00e5terl\u00e4mnats \u00e5terbetalas depositionen.<\/span><\/td>\n<\/tr>\n<tr style=\"height: 61px;\">\n<td style=\"height: 61px;\" width=\"183\">Ber\u00e4kning av hamnplats-avgift f\u00f6r\u00a0 Y-bomplats<\/td>\n<td style=\"height: 61px;\" width=\"12\">\u00a0<\/td>\n<td style=\"height: 61px;\" width=\"61\">\u00a0<\/td>\n<td style=\"height: 61px;\" width=\"16\"><span style=\"color: #808080;\">\u00a0<\/span><\/td>\n<td style=\"height: 61px;\">((platsbredd x Y-bommens l\u00e4ngd) x 150 kr) + 300 kr<\/td>\n<\/tr>\n<tr style=\"height: 61px;\">\n<td style=\"height: 61px;\" width=\"183\">Ber\u00e4kning av hamnplats-avgift f\u00f6r\u00a0 Boj-plats<\/td>\n<td style=\"height: 61px;\" width=\"12\">\u00a0<\/td>\n<td style=\"height: 61px;\" width=\"61\">\u00a0<\/td>\n<td style=\"height: 61px;\" width=\"16\"><span style=\"color: #808080;\">\u00a0<\/span><\/td>\n<td style=\"height: 61px;\"><span style=\"color: #808080;\">(((b\u00e5ten bredd + 0,4 m) x b\u00e5tens l\u00e4ngd + 0,5 m) x 150 kr) + 300 kr<\/span><\/td>\n<\/tr>\n<tr style=\"height: 37px;\">\n<td style=\"height: 37px;\">Vinterplats<\/td>\n<td style=\"height: 37px;\">\u00a0<\/td>\n<td style=\"height: 37px;\">2500 kr<\/td>\n<td style=\"height: 37px;\"><span style=\"color: #808080;\">\u00a0<\/span><\/td>\n<td style=\"height: 37px;\"><span style=\"color: #808080;\">Avser tiden 16 november till den 14 april.<\/span><\/td>\n<\/tr>\n<tr style=\"height: 61px;\">\n<td style=\"height: 61px;\">Sommar-EL<\/td>\n<td style=\"height: 61px;\">\u00a0<\/td>\n<td style=\"height: 61px;\">Grundavg. 500 kr<\/td>\n<td style=\"height: 61px;\"><span style=\"color: #808080;\">\u00a0<\/span><\/td>\n<td style=\"height: 61px;\"><span style=\"color: #808080;\">Avser permanent elanv\u00e4ndning under tiden 15 april till den 15 november. Uppm\u00e4tt elf\u00f6rbrukning debiteras med klubbens elkostnad f\u00f6r respektive m\u00e5nad. F\u00f6r tillf\u00e4llig elanv\u00e4ndning vid ex.v. st\u00e4dning eller batteriladdning utg\u00e5r ingen elavgift.<\/span><\/td>\n<\/tr>\n<tr style=\"height: 37px;\">\n<td style=\"height: 37px;\">Vinter El<\/td>\n<td style=\"height: 37px;\">\u00a0<\/td>\n<td style=\"height: 37px;\">\n<p>Grundavg.\u00a0 500 kr<\/p>\n<\/td>\n<td style=\"height: 37px;\"><span style=\"color: #808080;\">\u00a0<\/span><\/td>\n<td style=\"height: 37px;\"><span style=\"color: #808080;\">Avser tiden 16 november till den 14 april. Grundavgift plus uppm\u00e4tt elf\u00f6rbrukning som debiteras med klubbens elkostnad f\u00f6r respektive m\u00e5nad.<\/span><\/td>\n<\/tr>\n<\/tbody>\n<\/table>\n<p><span style=\"color: #808080;\">Ytterligare individuella avgifter kan tillkomma f\u00f6r medlemmar som har specialarrangemang, extra boj etc.<\/span><\/p>\n\n\n<p><\/p>\n","protected":false},"excerpt":{"rendered":"<p>Till dig som vill bli medlem i Petersbergs B\u00e5tklubb Innan du fyller i din ans\u00f6kan ber vi dig noggrant l\u00e4sa igenom det som f\u00f6ljer. Allm\u00e4ntPetersbergs B\u00e5tklubb, stiftad 1970, har till [&hellip;]<\/p>\n","protected":false},"author":1,"featured_media":0,"parent":0,"menu_order":0,"comment_status":"closed","ping_status":"closed","template":"","meta":{"footnotes":""},"class_list":["post-17","page","type-page","status-publish","hentry"],"_links":{"self":[{"href":"https:\/\/petersbergsbk.se\/index.php?rest_route=\/wp\/v2\/pages\/17","targetHints":{"allow":["GET"]}}],"collection":[{"href":"https:\/\/petersbergsbk.se\/index.php?rest_route=\/wp\/v2\/pages"}],"about":[{"href":"https:\/\/petersbergsbk.se\/index.php?rest_route=\/wp\/v2\/types\/page"}],"author":[{"embeddable":true,"href":"https:\/\/petersbergsbk.se\/index.php?rest_route=\/wp\/v2\/users\/1"}],"replies":[{"embeddable":true,"href":"https:\/\/petersbergsbk.se\/index.php?rest_route=%2Fwp%2Fv2%2Fcomments&post=17"}],"version-history":[{"count":59,"href":"https:\/\/petersbergsbk.se\/index.php?rest_route=\/wp\/v2\/pages\/17\/revisions"}],"predecessor-version":[{"id":998,"href":"https:\/\/petersbergsbk.se\/index.php?rest_route=\/wp\/v2\/pages\/17\/revisions\/998"}],"wp:attachment":[{"href":"https:\/\/petersbergsbk.se\/index.php?rest_route=%2Fwp%2Fv2%2Fmedia&parent=17"}],"curies":[{"name":"wp","href":"https:\/\/api.w.org\/{rel}","templated":true}]}}