{"id":2,"date":"2014-11-13T15:11:31","date_gmt":"2014-11-13T15:11:31","guid":{"rendered":"https:\/\/petersbergsbk.se\/?page_id=2"},"modified":"2025-07-29T17:11:29","modified_gmt":"2025-07-29T15:11:29","slug":"exempelsida","status":"publish","type":"page","link":"https:\/\/petersbergsbk.se\/","title":{"rendered":"V\u00e4lkommen"},"content":{"rendered":"<p><strong>Petersbergs b\u00e5tklubb erbjuder s\u00e4kra hamnplatser till i f\u00f6rsta hand boende i Vaxholm. <\/strong><strong>I m\u00e5n av plats kan \u00e4ven icke Vaxholmsbor erbjudas hamnplats, men d\u00e5 f\u00f6r ett \u00e5r i taget.<\/strong><\/p>\n<p style=\"text-align: left;\"><span style=\"color: #333333;\"><strong>PBK&#8217;s m\u00e5ls\u00e4ttning \u00e4r att skapa en trygg och s\u00e4ker hamn f\u00f6r medlemmarnas b\u00e5tar,\u00a0 genom att st\u00e4ndigt arbeta f\u00f6r att \u00f6ka s\u00e4kerheten f\u00f6r att i m\u00f6jligaste m\u00e5n f\u00f6r<\/strong><strong>hindra st\u00f6lder och skadeg\u00f6relse.\u00a0 D\u00e4rf\u00f6r <\/strong><\/span><span style=\"color: #333333;\"><strong>h\u00e5ller v\u00e5ra medlemmar st\u00e4ndig nattvakt i hamnen under sommars\u00e4songen. <span style=\"color: #ffffff;\">xxxxxxxxxxxxxxxxxxxxxxxxx<\/span><\/strong><\/span><\/p>\n<p style=\"text-align: left;\"><span style=\"color: #333333;\"><strong>F\u00f6r att h\u00e5lla v\u00e5ra kostnader s\u00e5 l\u00e5ga som m\u00f6jligt g\u00f6r<\/strong><strong> vi ocks\u00e5, s\u00e5 l\u00e5ngt det \u00e4r m\u00f6jligt, allt underh\u00e5lls<\/strong><strong>arbetet i hamnen i egen regi p\u00e5 v\u00e5ra arbetsdagar.<\/strong><\/span><\/p>\n<p style=\"text-align: left;\"><a href=\"https:\/\/petersbergsbk.se\/wp-content\/uploads\/2014\/11\/B\u00e5tklubbsloggan-f\u00e4rg-e1424175647369.jpg\"><img decoding=\"async\" class=\"alignright wp-image-9 size-full\" src=\"https:\/\/petersbergsbk.se\/wp-content\/uploads\/2014\/11\/B\u00e5tklubbsloggan-f\u00e4rg-e1424175703585.jpg\" alt=\"B\u00e5tklubbsloggan-f\u00e4rg\" width=\"100\" height=\"123\" \/><\/a><\/p>\n<p style=\"text-align: left;\"><strong>V\u00e5r position: N 59\u00b0 24&#8242; 4.00&#8243;, E 18\u00b0 19&#8242; 32.83&#8243;<\/strong><\/p>\n<p><strong>S\u00f6ker du b\u00e5tplats? \u00a0 \u00a0 \u00a0 \u00a0 \u00a0 \u00a0 \u00a0 \u00a0 \u00a0 \u00a0 \u00a0 \u00a0 \u00a0 \u00a0 \u00a0 \u00a0 \u00a0 \u00a0 \u00a0 \u00a0 \u00a0 \u00a0 \u00a0 \u00a0 \u00a0 \u00a0 \u00a0 \u00a0 \u00a0 \u00a0 \u00a0 \u00a0 \u00a0 \u00a0 \u00a0 \u00a0 \u00a0 \u00a0 \u00a0 \u00a0 \u00a0 \u00a0 \u00a0 \u00a0 \u00a0 \u00a0 \u00a0 <\/strong><\/p>\n<p>Vi har fortfarande n\u00e5gra enstaka platser f\u00f6r mindre b\u00e5tar lediga. \u00c4r du intresserad av en plats, g\u00e5 d\u00e5 in under rubriken &#8221;Medlemskap&#8221; f\u00f6r mer information, ladda ned och fyll i &#8221;Medlemsans\u00f6kan&#8221; samt mejla den till <strong>info@petersbergsbk.se\u00a0<\/strong>f\u00f6r att anm\u00e4la ditt intresse.<\/p>\n\n\n<figure class=\"wp-block-gallery has-nested-images columns-default is-cropped wp-block-gallery-1 is-layout-flex wp-block-gallery-is-layout-flex\">\n<figure class=\"wp-block-image size-large is-style-rounded\"><img fetchpriority=\"high\" decoding=\"async\" width=\"1024\" height=\"577\" data-id=\"879\" src=\"https:\/\/petersbergsbk.se\/wp-content\/uploads\/2024\/06\/20220504_043734-1-1024x577.jpg\" alt=\"\" class=\"wp-image-879\" srcset=\"https:\/\/petersbergsbk.se\/wp-content\/uploads\/2024\/06\/20220504_043734-1-1024x577.jpg 1024w, https:\/\/petersbergsbk.se\/wp-content\/uploads\/2024\/06\/20220504_043734-1-300x169.jpg 300w, https:\/\/petersbergsbk.se\/wp-content\/uploads\/2024\/06\/20220504_043734-1-768x432.jpg 768w, https:\/\/petersbergsbk.se\/wp-content\/uploads\/2024\/06\/20220504_043734-1-1536x865.jpg 1536w, https:\/\/petersbergsbk.se\/wp-content\/uploads\/2024\/06\/20220504_043734-1-2048x1153.jpg 2048w, https:\/\/petersbergsbk.se\/wp-content\/uploads\/2024\/06\/20220504_043734-1-624x351.jpg 624w\" sizes=\"(max-width: 1024px) 100vw, 1024px\" \/><figcaption class=\"wp-element-caption\">F\u00f6rsommar i hamnen 2024<\/figcaption><\/figure>\n<\/figure>\n\n\n","protected":false},"excerpt":{"rendered":"<p>Petersbergs b\u00e5tklubb erbjuder s\u00e4kra hamnplatser till i f\u00f6rsta hand boende i Vaxholm. I m\u00e5n av plats kan \u00e4ven icke Vaxholmsbor erbjudas hamnplats, men d\u00e5 f\u00f6r ett \u00e5r i taget. PBK&#8217;s [&hellip;]<\/p>\n","protected":false},"author":1,"featured_media":0,"parent":0,"menu_order":0,"comment_status":"closed","ping_status":"closed","template":"page-templates\/front-page.php","meta":{"footnotes":"[]"},"class_list":["post-2","page","type-page","status-publish","hentry"],"_links":{"self":[{"href":"https:\/\/petersbergsbk.se\/index.php?rest_route=\/wp\/v2\/pages\/2","targetHints":{"allow":["GET"]}}],"collection":[{"href":"https:\/\/petersbergsbk.se\/index.php?rest_route=\/wp\/v2\/pages"}],"about":[{"href":"https:\/\/petersbergsbk.se\/index.php?rest_route=\/wp\/v2\/types\/page"}],"author":[{"embeddable":true,"href":"https:\/\/petersbergsbk.se\/index.php?rest_route=\/wp\/v2\/users\/1"}],"replies":[{"embeddable":true,"href":"https:\/\/petersbergsbk.se\/index.php?rest_route=%2Fwp%2Fv2%2Fcomments&post=2"}],"version-history":[{"count":60,"href":"https:\/\/petersbergsbk.se\/index.php?rest_route=\/wp\/v2\/pages\/2\/revisions"}],"predecessor-version":[{"id":992,"href":"https:\/\/petersbergsbk.se\/index.php?rest_route=\/wp\/v2\/pages\/2\/revisions\/992"}],"wp:attachment":[{"href":"https:\/\/petersbergsbk.se\/index.php?rest_route=%2Fwp%2Fv2%2Fmedia&parent=2"}],"curies":[{"name":"wp","href":"https:\/\/api.w.org\/{rel}","templated":true}]}}