{"id":31,"date":"2015-01-15T14:17:32","date_gmt":"2015-01-15T13:17:32","guid":{"rendered":"https:\/\/petersbergsbk.se\/?page_id=31"},"modified":"2026-02-04T13:57:39","modified_gmt":"2026-02-04T12:57:39","slug":"styrelse","status":"publish","type":"page","link":"https:\/\/petersbergsbk.se\/?page_id=31","title":{"rendered":"Styrelse 2026"},"content":{"rendered":"<p><strong>Ordf\u00f6rande<\/strong><br \/>\nHans Orest, 0733 -84 72 00, <em>Medlemsfr\u00e5gor<\/em><\/p>\n<p><strong>Vice ordf\u00f6rande<\/strong><br \/>\nPelle Teiner, 070-752 60 26<\/p>\n<p><strong>Hamnansvarig<br \/>\n<\/strong><span style=\"font-size: 1rem;\">Lars-Ove Westl\u00e9n 070-590 77 70, <i>Bryggplatser, nycklar och WEB-master<\/i><\/span><\/p>\n<p><strong>Kass\u00f6r<\/strong><br \/>\nStaffan Viklund, <em>Ekonomi och fakturafr\u00e5gor\u00a0 \u00a0 \u00a0 \u00a0 \u00a0 \u00a0 \u00a0 \u00a0 \u00a0 \u00a0 \u00a0 \u00a0 \u00a0 \u00a0 \u00a0 \u00a0 \u00a0 \u00a0 \u00a0 \u00a0 \u00a0 \u00a0 \u00a0 \u00a0 \u00a0 \u00a0 \u00a0 \u00a0 \u00a0 \u00a0 \u00a0 \u00a0 \u00a0 \u00a0 \u00a0 \u00a0 \u00a0 \u00a0 \u00a0 \u00a0 \u00a0 <\/em><\/p>\n<p><strong>Vaktansvarig<\/strong><br \/>\nMikael Wedin, 070-568 28 13, <em>Vakt- &amp; storst\u00e4dstj\u00e4nst<\/em><\/p>\n<p><strong>Milj\u00f6ansvarig<\/strong><br \/>\nLars Lindqvist, 08-541 335 49, <em>Milj\u00f6fr\u00e5gor &amp; myndighetskontakter<\/em><\/p>\n<p><strong>Sekreterare<br \/>\n<\/strong>Carina Haken\u00e4s, 070-777 26 88, <em>Administration <span style=\"font-size: 1rem;\">och WEB-master<\/span><\/em><\/p>\n<p><strong>Ledam\u00f6ter<br \/>\n<\/strong>Magnus R\u00e5hlander, 072-502 92 00<\/p>\n<p>\u00c5sa Rikardsson Fundin, 070-273 50 40<\/p>\n<p><strong>Valberedningens ledamot:<\/strong><\/p>\n<p>Rein Sokolov 073-971 68 85<\/p>\n<p><strong>Mailadress<\/strong>: info@petersbergsbk.se<br \/>\n<em>Om du av n\u00e5gon anledning inte skulle f\u00e5 svar p\u00e5 din fr\u00e5ga s\u00e5 fort som du \u00f6nskar kan du givetvis ringa till n\u00e5gon av oss i styrelsen.<\/em><\/p>\n","protected":false},"excerpt":{"rendered":"<p>Ordf\u00f6rande Hans Orest, 0733 -84 72 00, Medlemsfr\u00e5gor Vice ordf\u00f6rande Pelle Teiner, 070-752 60 26 Hamnansvarig Lars-Ove Westl\u00e9n 070-590 77 70, Bryggplatser, nycklar och WEB-master Kass\u00f6r Staffan Viklund, Ekonomi och [&hellip;]<\/p>\n","protected":false},"author":1,"featured_media":0,"parent":0,"menu_order":0,"comment_status":"closed","ping_status":"closed","template":"page-templates\/full-width.php","meta":{"footnotes":""},"class_list":["post-31","page","type-page","status-publish","hentry"],"_links":{"self":[{"href":"https:\/\/petersbergsbk.se\/index.php?rest_route=\/wp\/v2\/pages\/31","targetHints":{"allow":["GET"]}}],"collection":[{"href":"https:\/\/petersbergsbk.se\/index.php?rest_route=\/wp\/v2\/pages"}],"about":[{"href":"https:\/\/petersbergsbk.se\/index.php?rest_route=\/wp\/v2\/types\/page"}],"author":[{"embeddable":true,"href":"https:\/\/petersbergsbk.se\/index.php?rest_route=\/wp\/v2\/users\/1"}],"replies":[{"embeddable":true,"href":"https:\/\/petersbergsbk.se\/index.php?rest_route=%2Fwp%2Fv2%2Fcomments&post=31"}],"version-history":[{"count":25,"href":"https:\/\/petersbergsbk.se\/index.php?rest_route=\/wp\/v2\/pages\/31\/revisions"}],"predecessor-version":[{"id":1018,"href":"https:\/\/petersbergsbk.se\/index.php?rest_route=\/wp\/v2\/pages\/31\/revisions\/1018"}],"wp:attachment":[{"href":"https:\/\/petersbergsbk.se\/index.php?rest_route=%2Fwp%2Fv2%2Fmedia&parent=31"}],"curies":[{"name":"wp","href":"https:\/\/api.w.org\/{rel}","templated":true}]}}