{"id":4,"date":"2014-11-17T21:34:59","date_gmt":"2014-11-17T20:34:59","guid":{"rendered":"https:\/\/petersbergsbk.se\/?page_id=4"},"modified":"2025-08-06T17:27:01","modified_gmt":"2025-08-06T15:27:01","slug":"om-pbk","status":"publish","type":"page","link":"https:\/\/petersbergsbk.se\/?page_id=4","title":{"rendered":"Om PBK"},"content":{"rendered":"<p><strong>Om Petersbergs b\u00e5tklubb<\/strong><\/p>\n<p>Petersbergs B\u00e5tklubb bildades 1970.<\/p>\n<p><strong>Klubbens inriktning<\/strong><br \/>\u00c4r att erbjuda s\u00e4kra hamnplatser till i f\u00f6rsta hand till Vaxholmsbor.<br \/>\u00d6vriga kan erbjudas hamnplats f\u00f6r ett \u00e5r i taget i m\u00e5n av lediga platser.<\/p>\n<p>Det skall vara tryggt att ha b\u00e5ten liggande vid bryggorna i v\u00e5r hamn och vi g\u00f6r allt vi kan f\u00f6r att hindra st\u00f6lder och skadeg\u00f6relse. Genom att medlemmarna sj\u00e4lva g\u00f6r det mesta av arbetet kan vi h\u00e5lla nere kostnaderna.<\/p>\n<p><strong>Vakt i hamnen<\/strong><br \/>F\u00f6r att trygga v\u00e5ra b\u00e5tar g\u00e5r vi vakt under s\u00e4songen, varje medlem med hamnplats skall g\u00e5 tv\u00e5 (2) vaktpass under sommars\u00e4songen. Vaktg\u00e5ng \u00e4r en viktig del i klubbens verksamhet. Upprepat uteblivande fr\u00e5n vakt leder till f\u00f6rlorat medlemskap.<\/p>\n<p><strong>Arbetspass<\/strong><br \/>En stor del av arbetena i hamnen g\u00f6r vi sj\u00e4lva. Arbetspass kan antingen g\u00f6ras i samband med v\u00e5r- eller h\u00f6stst\u00e4dningar eller vid n\u00e5got annat tillf\u00e4lle.<\/p>\n<p><strong>F\u00f6rs\u00e4kring<\/strong><br \/>F\u00f6r att f\u00e5 plats tilldelad i v\u00e5r hamn \u00e4r det ett krav att b\u00e5ten \u00e4r f\u00f6rs\u00e4krade. <br \/>Ev. uppkomna\u00a0 skador t\u00e4cks n\u00e4mligen i f\u00f6rsta hand av b\u00e5t\u00e4garnas f\u00f6rs\u00e4kringar.<\/p>\n<p><strong>Uppl\u00e5tande av hamnplats<\/strong><br \/>Uppl\u00e5tande av hamnplatser g\u00f6rs f\u00f6r hel s\u00e4song och i f\u00f6rsta hand till Vaxholmsbor. \u00d6vriga (icke Vaxholms bor) kan i m\u00e5n av plats hyra hamnplats per s\u00e4song. Hamnplastinnehavarens skyldigheter g\u00e4ller f\u00f6r hela s\u00e4songen. Upps\u00e4gning av hamnplats skall g\u00f6rs i god tid f\u00f6re n\u00e4stkommande s\u00e4song eller s\u00e5 snart platsen inte l\u00e4ngre skall disponeras.\u00a0 Andrahandsuthyrning av hamnplats f\u00e5r inte f\u00f6rekomma.\u00a0 \u00a0 \u00a0 \u00a0 \u00a0 \u00a0 \u00a0 \u00a0 \u00a0 \u00a0 \u00a0 \u00a0 \u00a0 \u00a0 \u00a0 \u00a0 \u00a0 \u00a0 \u00a0 \u00a0 \u00a0 \u00a0 \u00a0 \u00a0 \u00a0 \u00a0 \u00a0 \u00a0 \u00a0 \u00a0 \u00a0 \u00a0 \u00a0 \u00a0 \u00a0 \u00a0 \u00a0 \u00a0 \u00a0 \u00a0 \u00a0 \u00a0 \u00a0 \u00a0 \u00a0 \u00a0 \u00a0 \u00a0 \u00a0 \u00a0 \u00a0 \u00a0 \u00a0 \u00a0 \u00a0 <strong>B<\/strong><strong>\u00e5tar som ligger i PBK&#8217;s hamn f\u00e5r endast vara bottenm\u00e5lade med godk\u00e4nd \u00d6stersj\u00f6f\u00e4rg.<\/strong><\/p>\n<p><strong>Ans\u00f6kan om medlemskap och betalning<\/strong><br \/>Ans\u00f6kan om medlemskap och hamnplats kan g\u00f6ras genom att klicka p\u00e5 l\u00e4nken nedan. Efter godk\u00e4nd ans\u00f6kan skickas faktura. N\u00e4r betalning registrerats hos klubben kan nycklar och matrikel erh\u00e5llas efter \u00f6.k. med Hamnkapten.<\/p>\n<p><strong>Klubbens bankgiro: 5733-4609<\/strong><\/p>\n<p><a title=\"S\u00f6k medlemskap\" href=\"https:\/\/petersbergsbk.se\/?page_id=17\">Klicka h\u00e4r f\u00f6r att ans\u00f6ka om medlemskap<\/a><\/p>\n\n\n<p><\/p>\n","protected":false},"excerpt":{"rendered":"<p>Om Petersbergs b\u00e5tklubb Petersbergs B\u00e5tklubb bildades 1970. Klubbens inriktning\u00c4r att erbjuda s\u00e4kra hamnplatser till i f\u00f6rsta hand till Vaxholmsbor.\u00d6vriga kan erbjudas hamnplats f\u00f6r ett \u00e5r i taget i m\u00e5n av [&hellip;]<\/p>\n","protected":false},"author":1,"featured_media":0,"parent":0,"menu_order":0,"comment_status":"closed","ping_status":"closed","template":"","meta":{"footnotes":""},"class_list":["post-4","page","type-page","status-publish","hentry"],"_links":{"self":[{"href":"https:\/\/petersbergsbk.se\/index.php?rest_route=\/wp\/v2\/pages\/4","targetHints":{"allow":["GET"]}}],"collection":[{"href":"https:\/\/petersbergsbk.se\/index.php?rest_route=\/wp\/v2\/pages"}],"about":[{"href":"https:\/\/petersbergsbk.se\/index.php?rest_route=\/wp\/v2\/types\/page"}],"author":[{"embeddable":true,"href":"https:\/\/petersbergsbk.se\/index.php?rest_route=\/wp\/v2\/users\/1"}],"replies":[{"embeddable":true,"href":"https:\/\/petersbergsbk.se\/index.php?rest_route=%2Fwp%2Fv2%2Fcomments&post=4"}],"version-history":[{"count":15,"href":"https:\/\/petersbergsbk.se\/index.php?rest_route=\/wp\/v2\/pages\/4\/revisions"}],"predecessor-version":[{"id":997,"href":"https:\/\/petersbergsbk.se\/index.php?rest_route=\/wp\/v2\/pages\/4\/revisions\/997"}],"wp:attachment":[{"href":"https:\/\/petersbergsbk.se\/index.php?rest_route=%2Fwp%2Fv2%2Fmedia&parent=4"}],"curies":[{"name":"wp","href":"https:\/\/api.w.org\/{rel}","templated":true}]}}