{"id":58,"date":"2022-03-12T21:50:08","date_gmt":"2022-03-12T20:50:08","guid":{"rendered":"https:\/\/petersbergsbk.se\/?page_id=58"},"modified":"2026-03-22T21:04:09","modified_gmt":"2026-03-22T20:04:09","slug":"arsprogram","status":"publish","type":"page","link":"https:\/\/petersbergsbk.se\/?page_id=58","title":{"rendered":"\u00c5rsprogram 2026"},"content":{"rendered":"<table style=\"border-collapse: collapse; width: 100%;\" border=\"1\">\n<tbody>\n<tr style=\"height: 60px;\">\n<td style=\"width: 23.12%; height: 12px; text-align: left;\"><strong><span style=\"color: #000000;\">L\u00f6rdag 2026-03-21<\/span><\/strong><\/td>\n<td style=\"width: 76.88%; height: 12px; text-align: left;\"><strong><span style=\"color: #000000;\">Teckning f\u00f6r vaktpass i BAS \u00f6ppnas 2026-03-21 kl. 07.00 och st\u00e4nger 2026-04-11 kl. 23.30. Se uts\u00e4nd information.<\/span><\/strong><\/td>\n<\/tr>\n<tr style=\"height: 60px;\">\n<td style=\"width: 23.12%; height: 20px; text-align: left;\"><strong><span style=\"color: #000000;\">L\u00f6rdag 2026-04-11<\/span><\/strong><\/td>\n<td style=\"width: 76.88%; height: 20px; text-align: left;\"><strong><span style=\"color: #000000;\">V\u00e5rens arbets- och st\u00e4ddag, samling kl. 10.00 i hamnen f\u00f6r genomg\u00e5ng.<\/span><\/strong><\/td>\n<\/tr>\n<tr style=\"height: 60px;\">\n<td style=\"width: 23.12%; height: 60px; text-align: left;\"><strong><span style=\"color: #000000;\">M\u00e5ndag 2026-04-13\u00a0 \u00a0<\/span><\/strong><\/td>\n<td style=\"width: 76.88%; height: 60px; text-align: left;\"><strong><span style=\"color: #000000;\">F\u00f6rsta dag f\u00f6r b\u00e5tar vid bryggorna (utan avtal med hamnkapten).\u00a0<\/span><\/strong><\/td>\n<\/tr>\n<tr style=\"height: 36px;\">\n<td style=\"width: 23.12%; height: 36px; text-align: left;\"><strong><span style=\"color: #000000;\">Torsdag 2026-05-04 <\/span><\/strong><\/td>\n<td style=\"width: 76.88%; height: 36px; text-align: left;\"><strong><span style=\"color: #000000;\"> F\u00f6rsta vaktpass.<\/span><\/strong><\/td>\n<\/tr>\n<tr style=\"height: 60px;\">\n<td style=\"width: 23.12%; height: 24px; text-align: left;\"><strong><span style=\"color: #000000;\">Fredag 2026-08-07\u00a0\u00a0<\/span><\/strong><\/td>\n<td style=\"width: 76.88%; height: 24px; text-align: left;\"><strong><span style=\"color: #000000;\">Bryggtr\u00e4ff kl. 18.00 Kr\u00e4ftskiva<\/span><\/strong><\/td>\n<\/tr>\n<tr style=\"height: 60px;\">\n<td style=\"width: 23.12%; height: 60px; text-align: left;\"><strong><span style=\"color: #000000;\">L\u00f6rdag 2026-10-24<\/span><\/strong><\/td>\n<td style=\"width: 76.88%; height: 60px; text-align: left;\"><strong><span style=\"color: #000000;\">H\u00f6sten arbets- och st\u00e4ddag, samling kl. 10.00 i hamnen f\u00f6r genomg\u00e5ng.<\/span><\/strong><\/td>\n<\/tr>\n<tr style=\"height: 36px;\">\n<td style=\"width: 23.12%; height: 36px; text-align: left;\"><strong><span style=\"color: #000000;\">S\u00f6ndag 2026-11-01<\/span><\/strong><\/td>\n<td style=\"width: 76.88%; height: 36px; text-align: left;\"><strong><span style=\"color: #000000;\">Sista vaktpass.\u00a0\u00a0<\/span><\/strong><\/td>\n<\/tr>\n<tr style=\"height: 36px;\">\n<td style=\"width: 23.12%; height: 36px; text-align: left;\"><strong><span style=\"color: #000000;\">L\u00f6rdag 2026-11-15 <\/span><\/strong><\/td>\n<td style=\"width: 76.88%; height: 36px; text-align: left;\"><strong><span style=\"color: #000000;\">Sista dagen f\u00f6r b\u00e5tar vid bryggorna. OBS! Inga b\u00e5tar f\u00e5r ligga kvar i hamnen efter detta datum utan avtal med hamnkapten.<\/span><\/strong><\/td>\n<\/tr>\n<tr style=\"height: 36px;\">\n<td style=\"width: 23.12%; height: 36px; text-align: left;\"><strong><span style=\"color: #000000;\">S\u00f6ndag 2026-12-13<\/span><\/strong><\/td>\n<td style=\"width: 76.88%; height: 36px; text-align: left;\"><strong><span style=\"color: #000000;\">\u00c5rsm\u00f6te kl. 15.00 p\u00e5 Waxholms Hotell.<\/span><\/strong><\/td>\n<\/tr>\n<tr style=\"height: 36px;\">\n<td style=\"width: 23.12%; height: 36px; text-align: left;\">\u00a0<\/td>\n<td style=\"width: 76.88%; height: 36px; text-align: left;\">\u00a0<\/td>\n<\/tr>\n<\/tbody>\n<\/table>\n<p><span style=\"color: #000000;\">Fredagen den 7 augusti klockan 18.00 \u00e4r alla medlemmar v\u00e4lkomna p\u00e5 \u00e5rets bryggtr\u00e4ff. I \u00e5r blir det kr\u00e4ftskiva. Kom och umg\u00e5s b\u00e5tgrannar emellan och ta med dig kr\u00e4ftor och dryck.\u00a0<\/span><\/p>\n<p><span style=\"color: #000000;\">Varmt v\u00e4lkommen!<\/span><\/p>\n<p><strong><span style=\"color: #000000;\">\u00a0\u00a0<\/span><\/strong><\/p>\n\n\n<p><\/p>\n","protected":false},"excerpt":{"rendered":"<p>L\u00f6rdag 2026-03-21 Teckning f\u00f6r vaktpass i BAS \u00f6ppnas 2026-03-21 kl. 07.00 och st\u00e4nger 2026-04-11 kl. 23.30. Se uts\u00e4nd information. L\u00f6rdag 2026-04-11 V\u00e5rens arbets- och st\u00e4ddag, samling kl. 10.00 i hamnen [&hellip;]<\/p>\n","protected":false},"author":1,"featured_media":0,"parent":44,"menu_order":0,"comment_status":"closed","ping_status":"closed","template":"page-templates\/full-width.php","meta":{"footnotes":""},"class_list":["post-58","page","type-page","status-publish","hentry"],"_links":{"self":[{"href":"https:\/\/petersbergsbk.se\/index.php?rest_route=\/wp\/v2\/pages\/58","targetHints":{"allow":["GET"]}}],"collection":[{"href":"https:\/\/petersbergsbk.se\/index.php?rest_route=\/wp\/v2\/pages"}],"about":[{"href":"https:\/\/petersbergsbk.se\/index.php?rest_route=\/wp\/v2\/types\/page"}],"author":[{"embeddable":true,"href":"https:\/\/petersbergsbk.se\/index.php?rest_route=\/wp\/v2\/users\/1"}],"replies":[{"embeddable":true,"href":"https:\/\/petersbergsbk.se\/index.php?rest_route=%2Fwp%2Fv2%2Fcomments&post=58"}],"version-history":[{"count":71,"href":"https:\/\/petersbergsbk.se\/index.php?rest_route=\/wp\/v2\/pages\/58\/revisions"}],"predecessor-version":[{"id":1027,"href":"https:\/\/petersbergsbk.se\/index.php?rest_route=\/wp\/v2\/pages\/58\/revisions\/1027"}],"up":[{"embeddable":true,"href":"https:\/\/petersbergsbk.se\/index.php?rest_route=\/wp\/v2\/pages\/44"}],"wp:attachment":[{"href":"https:\/\/petersbergsbk.se\/index.php?rest_route=%2Fwp%2Fv2%2Fmedia&parent=58"}],"curies":[{"name":"wp","href":"https:\/\/api.w.org\/{rel}","templated":true}]}}